{"id":75590,"date":"2024-05-08T20:38:44","date_gmt":"2024-05-09T02:38:44","guid":{"rendered":"https:\/\/katyahomm.com\/tere-galvan\/"},"modified":"2024-05-16T12:47:17","modified_gmt":"2024-05-16T18:47:17","slug":"tere-galvan","status":"publish","type":"page","link":"https:\/\/katyahomm.com\/es\/tere-galvan\/","title":{"rendered":"Tere Galvan"},"content":{"rendered":"","protected":false},"excerpt":{"rendered":"","protected":false},"author":2,"featured_media":0,"parent":0,"menu_order":0,"comment_status":"closed","ping_status":"closed","template":"page-sell.php","meta":{"_seopress_robots_primary_cat":"","_seopress_titles_title":"Conoce a Tere Galv\u00e1n - Katya Homm Properties","_seopress_titles_desc":"Originario de Sinaloa, tengo una s\u00f3lida experiencia en hospitalidad, servicios para hu\u00e9spedes y gesti\u00f3n de marketing.","_seopress_robots_index":"","content-type":""},"class_list":["post-75590","page","type-page","status-publish","hentry"],"_links":{"self":[{"href":"https:\/\/katyahomm.com\/es\/wp-json\/wp\/v2\/pages\/75590","targetHints":{"allow":["GET"]}}],"collection":[{"href":"https:\/\/katyahomm.com\/es\/wp-json\/wp\/v2\/pages"}],"about":[{"href":"https:\/\/katyahomm.com\/es\/wp-json\/wp\/v2\/types\/page"}],"author":[{"embeddable":true,"href":"https:\/\/katyahomm.com\/es\/wp-json\/wp\/v2\/users\/2"}],"replies":[{"embeddable":true,"href":"https:\/\/katyahomm.com\/es\/wp-json\/wp\/v2\/comments?post=75590"}],"version-history":[{"count":1,"href":"https:\/\/katyahomm.com\/es\/wp-json\/wp\/v2\/pages\/75590\/revisions"}],"predecessor-version":[{"id":75591,"href":"https:\/\/katyahomm.com\/es\/wp-json\/wp\/v2\/pages\/75590\/revisions\/75591"}],"wp:attachment":[{"href":"https:\/\/katyahomm.com\/es\/wp-json\/wp\/v2\/media?parent=75590"}],"curies":[{"name":"wp","href":"https:\/\/api.w.org\/{rel}","templated":true}]}}