{"id":75593,"date":"2024-05-10T14:23:55","date_gmt":"2024-05-10T20:23:55","guid":{"rendered":"https:\/\/katyahomm.com\/katya-homm\/"},"modified":"2024-05-15T16:43:52","modified_gmt":"2024-05-15T22:43:52","slug":"katya-homm","status":"publish","type":"page","link":"https:\/\/katyahomm.com\/es\/katya-homm\/","title":{"rendered":"Katya Homm"},"content":{"rendered":"","protected":false},"excerpt":{"rendered":"","protected":false},"author":2,"featured_media":0,"parent":0,"menu_order":0,"comment_status":"closed","ping_status":"closed","template":"page-sell.php","meta":{"_seopress_robots_primary_cat":"","_seopress_titles_title":"Conoce Katya Homm- Katya Homm Properties","_seopress_titles_desc":"Como broker de bienes ra\u00edces nacido en Hungr\u00eda y radicado en M\u00e9xico, he estado apasionada por ayudar a otros a encontrar su hogar so\u00f1ado en Puerto Vallarta desde 2015.","_seopress_robots_index":"","content-type":""},"class_list":["post-75593","page","type-page","status-publish","hentry"],"_links":{"self":[{"href":"https:\/\/katyahomm.com\/es\/wp-json\/wp\/v2\/pages\/75593","targetHints":{"allow":["GET"]}}],"collection":[{"href":"https:\/\/katyahomm.com\/es\/wp-json\/wp\/v2\/pages"}],"about":[{"href":"https:\/\/katyahomm.com\/es\/wp-json\/wp\/v2\/types\/page"}],"author":[{"embeddable":true,"href":"https:\/\/katyahomm.com\/es\/wp-json\/wp\/v2\/users\/2"}],"replies":[{"embeddable":true,"href":"https:\/\/katyahomm.com\/es\/wp-json\/wp\/v2\/comments?post=75593"}],"version-history":[{"count":1,"href":"https:\/\/katyahomm.com\/es\/wp-json\/wp\/v2\/pages\/75593\/revisions"}],"predecessor-version":[{"id":75594,"href":"https:\/\/katyahomm.com\/es\/wp-json\/wp\/v2\/pages\/75593\/revisions\/75594"}],"wp:attachment":[{"href":"https:\/\/katyahomm.com\/es\/wp-json\/wp\/v2\/media?parent=75593"}],"curies":[{"name":"wp","href":"https:\/\/api.w.org\/{rel}","templated":true}]}}