{"id":75599,"date":"2024-05-09T10:50:14","date_gmt":"2024-05-09T16:50:14","guid":{"rendered":"https:\/\/katyahomm.com\/jorge-araguez\/"},"modified":"2024-05-16T12:15:24","modified_gmt":"2024-05-16T18:15:24","slug":"jorge-araguez","status":"publish","type":"page","link":"https:\/\/katyahomm.com\/es\/jorge-araguez\/","title":{"rendered":"Jorge Araguez"},"content":{"rendered":"","protected":false},"excerpt":{"rendered":"","protected":false},"author":2,"featured_media":0,"parent":0,"menu_order":0,"comment_status":"closed","ping_status":"closed","template":"page-sell.php","meta":{"_seopress_robots_primary_cat":"","_seopress_titles_title":"Conoce a Jorge Araguez- Katya Homm Properties","_seopress_titles_desc":"Originario de Buenos Aires, llevo un tiempo en el campo de la hospitalidad. As\u00ed que ya sea que te est\u00e9s mudando de forma permanente o est\u00e9s buscando alquilar, estoy aqu\u00ed para guiarte.","_seopress_robots_index":"","content-type":""},"class_list":["post-75599","page","type-page","status-publish","hentry"],"_links":{"self":[{"href":"https:\/\/katyahomm.com\/es\/wp-json\/wp\/v2\/pages\/75599","targetHints":{"allow":["GET"]}}],"collection":[{"href":"https:\/\/katyahomm.com\/es\/wp-json\/wp\/v2\/pages"}],"about":[{"href":"https:\/\/katyahomm.com\/es\/wp-json\/wp\/v2\/types\/page"}],"author":[{"embeddable":true,"href":"https:\/\/katyahomm.com\/es\/wp-json\/wp\/v2\/users\/2"}],"replies":[{"embeddable":true,"href":"https:\/\/katyahomm.com\/es\/wp-json\/wp\/v2\/comments?post=75599"}],"version-history":[{"count":1,"href":"https:\/\/katyahomm.com\/es\/wp-json\/wp\/v2\/pages\/75599\/revisions"}],"predecessor-version":[{"id":75600,"href":"https:\/\/katyahomm.com\/es\/wp-json\/wp\/v2\/pages\/75599\/revisions\/75600"}],"wp:attachment":[{"href":"https:\/\/katyahomm.com\/es\/wp-json\/wp\/v2\/media?parent=75599"}],"curies":[{"name":"wp","href":"https:\/\/api.w.org\/{rel}","templated":true}]}}